{"id":20,"date":"2019-01-12T17:36:15","date_gmt":"2019-01-12T17:36:15","guid":{"rendered":"http:\/\/www.makaranda.com\/?page_id=20"},"modified":"2025-04-14T11:45:31","modified_gmt":"2025-04-14T11:45:31","slug":"pnie","status":"publish","type":"page","link":"https:\/\/www.makaranda.com\/ca\/pnie\/","title":{"rendered":"Psico-neuro-immuno-enodcrinologia (PNIE)"},"content":{"rendered":"<div id=\"ut-row-69d2769a46f98\" data-vc-full-width=\"true\" data-vc-full-width-init=\"false\" class=\"vc_row wpb_row vc_row-fluid vc_column-gap-0 ut-row-69d2769a46fa4\" ><div class=\"wpb_column vc_column_container vc_col-sm-12\" ><div id=\"ut_inner_column_69d2769a47701\" class=\"vc_column-inner \"><div class=\"wpb_wrapper\"><div class=\"wpb_content_element \"><style type=\"text\/css\" scoped>#ut_header_69d2769a479ed h2 span { color:#0075a2; }#ut_header_69d2769a479ed h2.section-title{ font-family:Lato;font-weight:400;font-style:normal; }#ut_header_69d2769a479ed h2.section-title { font-size: 35px; }#ut_header_69d2769a479ed.pt-style-3 .page-title span, #ut_header_69d2769a479ed.pt-style-3 .parallax-title span, #ut_header_69d2769a479ed.pt-style-3 .section-title span { background:#cfe0ed !important;-webkit-box-shadow:0 0 0 3px#cfe0ed !important; -moz-box-shadow:0 0 0 3px#cfe0ed !important; box-shadow:0 0 0 3px#cfe0ed !important; }<\/style><header id=\"ut_header_69d2769a479ed\" class=\"section-header ut-no-title-linebreak-mobile ut-no-lead-linebreak-mobile pt-style-3 header-center\"><h2 data-effect=\"fadeInDown\" data-animateonce=\"yes\" data-delay=\"0\" class=\"section-title ut-animate-element animated ut-no-animation-tablet ut-no-animation-mobile\"><span>LA PSICO NEURO IMMUNO ENDOCRINOLOGIA (PNIE)<\/span><\/h2><div data-effect=\"fadeInDown\" data-animateonce=\"yes\" data-delay=\"0\" class=\"lead ut-animate-element animated ut-no-animation-tablet ut-no-animation-mobile\"><p>Estudia la interacci\u00f3 entre els diferents sistemes del cos.<\/p>\n<\/div><\/header><\/div><\/div><\/div><\/div><\/div><div class=\"vc_row-full-width vc_clearfix\"><\/div><div id=\"ut-row-69d2769a480a7\" data-vc-full-width=\"true\" data-vc-full-width-init=\"false\" class=\"vc_row wpb_row vc_row-fluid vc_column-gap-0 ut-row-69d2769a480af\" ><div class=\"wpb_column vc_column_container vc_col-sm-6\" ><div id=\"ut_inner_column_69d2769a484d0\" class=\"vc_column-inner \"><div class=\"wpb_wrapper\">\n\t<div class=\"wpb_text_column wpb_content_element \" >\n\t\t<div class=\"wpb_wrapper\">\n\t\t\t<h2>Descobreix la Psico-*neuro-*inmuno-endocrinologia (PNIE) a Barcelona<\/h2>\n<p>En <strong>Centre Makaranda<\/strong>, ens <strong>especialitzem en la Psico-*neuro-*inmuno-endocrinologia (PNIE)<\/strong>, un enfocament innovador que estudia la interacci\u00f3 entre els sistemes del cos per a promoure la salut i el benestar.<\/p>\n<p>&nbsp;<\/p>\n<h3>Qu\u00e8 \u00e9s la PNIE?<\/h3>\n<p>La Psico-*neuro-*inmuno-endocrinologia (PNIE) \u00e9s un <strong>camp cient\u00edfic<\/strong> que <strong>examina<\/strong> com els <strong>sistemes psicol\u00f2gics, neurol\u00f2gics, immunol\u00f2gics i endocrins interactuen entre si per a mantenir la salut i la vitalitat<\/strong>.<\/p>\n<p>El nostre <strong>enfocament<\/strong> es basa en la <strong>comprensi\u00f3 que els s\u00edmptomes<\/strong> poden <strong>proporcionar informaci\u00f3 valuosa<\/strong> sobre <strong>l&#8217;estat de salut<\/strong> d&#8217;una persona, i <strong>treballem per a millorar <\/strong>la<strong> salut<\/strong> de <strong>manera natural<\/strong>, sense intervencions m\u00e8diques invasives.<\/p>\n<p>A m\u00e9s, reconeixem la connexi\u00f3 bidireccional entre la ment i el cos, i com els nostres pensaments i emocions poden influir en la nostra salut f\u00edsica, i viceversa.<\/p>\n<p>Si est\u00e0s buscant millorar la teva qualitat de vida de manera natural i hol\u00edstica, <strong>descobreix com la PNIE pot ajudar-te en Centre Makaranda a Barcelona!<\/strong><\/p>\n<p>&nbsp;<\/p>\n<ul>\n<li>\u00a0<strong>ENFOCAMENT INTEGRATIU<\/strong>: Explora com la<strong> psique, el sistema nervi\u00f3s, les defenses i les hormones interactuen per a influir en la salut i el benestar<\/strong>. En aquest <strong>enfocament<\/strong> no sols <strong>aborda<\/strong> els <strong>s\u00edmptomes f\u00edsics<\/strong>, sin\u00f3 que tamb\u00e9 considera el teu <strong>benestar emocional i mental<\/strong>, <strong>promovent un equilibri integral<\/strong> per a aconseguir el teu m\u00e0xim potencial de salut i vitalitat.<\/li>\n<li><strong>INTERDISCIPLINARIETAT: Relacionem estudis de psiquiatria, psicologia, anatomia, gen\u00e8tica, oncologia, reumatologia, immunologia, endocrinologia, neuroci\u00e8ncies, virologia, epigen\u00e8tica, biologia molecular i farmacologia<\/strong>. Aquesta integraci\u00f3 de diferents camps ens permet comprendre millor la complexitat del cos hum\u00e0 i com factors emocionals, mentals i f\u00edsics interactuen entre si per a influir en la salut. En <strong>Makaranda<\/strong> podem <strong>oferir<\/strong> <strong>solucions<\/strong> m\u00e9s <strong>efectives <\/strong>i <strong>personalitzades<\/strong> per a <strong>millorar la qualitat de vida<\/strong> dels nostres clients.<\/li>\n<\/ul>\n<p>&nbsp;<\/p>\n<p>En els anys 70, Robert Ader va desencadenar una revoluci\u00f3 cient\u00edfica en descobrir com el cervell pot condicionar la resposta del sistema immunitari, donant origen a la Psiconeuroinmunolog\u00eda (PNI).<\/p>\n<h3><\/h3>\n\n\t\t<\/div>\n\t<\/div>\n<\/div><\/div><\/div><div class=\"wpb_column vc_column_container vc_col-sm-6\" ><div id=\"ut_inner_column_69d2769a4886d\" class=\"vc_column-inner \"><div class=\"wpb_wrapper\"><div  class=\"wpb_content_element   clearfix\"><style type=\"text\/css\" scoped>#ut_am_69d2769a48eb3 { opacity: 1; }<\/style><div id=\"ut_am_wrap_69d2769a48eb4\" class=\"ut-image-gallery-image \" style=\"text-align:center;\"><div class=\"ut-animated-image-item ut-image-gallery-item ut-animation-done\"><a class=\"ut-deactivated-link\" href=\"#\"><img loading=\"lazy\" decoding=\"async\"  id=\"ut_am_69d2769a48eb3\" style=\"\" src=\"https:\/\/www.makaranda.com\/wp-content\/uploads\/2019\/01\/brain-325x217.png\" width=\"325\" height=\"217\" alt=\"Silueta d\u2019un cervell formada per branques d\u2019un arbre, s\u00edmbol de connexions neuronals i natura.\"\/><\/a><\/div><\/div><\/div>\n\t<div class=\"wpb_text_column wpb_content_element \" >\n\t\t<div class=\"wpb_wrapper\">\n\t\t\t<p>&nbsp;<\/p>\n<h3><strong>Com es tradueix en la consulta?<\/strong><\/h3>\n<p>En la nostra consulta, apliquem les <strong>eines avan\u00e7ades de la Psiconeuroinmunolog\u00eda (PNIE)<\/strong> per a comprendre i abordar les arrels dels s\u00edmptomes dels nostres pacients. A trav\u00e9s de <strong>m\u00e8todes<\/strong> com a <strong>entrevistes detallades, observaci\u00f3 cl\u00ednica i an\u00e0lisis exhaustives<\/strong>, que inclouen sang, femta, virus, gen\u00e8tica i amino\u00e0cids, podem identificar les causes subjacents dels desequilibris de salut.<\/p>\n<p>Aquest <strong>enfocament integral<\/strong> ens <strong>permet comprendre el funcionament \u00fanic<\/strong> de cada <strong>individu<\/strong> i <strong>dissenyar intervencions personalitzades<\/strong> que promoguin un terreny m\u00e9s saludable i equilibrat.<\/p>\n<p>&nbsp;<\/p>\n<p><strong>Les intervencions hol\u00edstiques s\u00f3n:<\/strong><\/p>\n<ul>\n<li>Alimentaci\u00f3<\/li>\n<li>Nutrici\u00f3 ortomolecular- suplementaci\u00f3- fitoter\u00e0pia<\/li>\n<li>H\u00e0bits d&#8217;acord amb la gen\u00e8tica i amb efectes anti-aging<\/li>\n<li>Epigen\u00e8tica<\/li>\n<li>Ter\u00e0pies manuals<\/li>\n<li>Ter\u00e0pia psicol\u00f2gica<\/li>\n<li>Medicina Al\u00b7lop\u00e0tica<\/li>\n<\/ul>\n<p><strong>Descobreix els beneficis de la PNIE<\/strong> i com podem ajudar-te a aconseguir els teus objectius de salut i benestar. Contacta&#8217;ns ara per a comen\u00e7ar!<\/p>\n<p><strong>\u00a0Som aqu\u00ed per a escoltar-te! Visita&#8217;ns en Centre Makaranda a Barcelona i descobreix com podem millorar la teva qualitat de vida junts!\u00a0<\/strong><\/p>\n\n\t\t<\/div>\n\t<\/div>\n<\/div><\/div><\/div><\/div><div class=\"vc_row-full-width vc_clearfix\"><\/div><div id=\"ut-row-69d2769a493bb\" data-vc-full-width=\"true\" data-vc-full-width-init=\"false\" class=\"vc_row wpb_row vc_row-fluid vc_row-has-fill vc_column-gap-0 ut-row-69d2769a493c3\" ><div class=\"wpb_column vc_column_container vc_col-sm-12\" ><div id=\"ut_inner_column_69d2769a4b4c2\" class=\"vc_column-inner \"><div class=\"wpb_wrapper\"><div class=\"wpb_content_element \"><style type=\"text\/css\" scoped>#ut_p_quote_69d2769a4b633 .ut-parallax-icon .fa { color: #cfe0ed; }#ut_p_quote_69d2769a4b633 .ut-parallax-icon { background: #0075a2; }#ut_p_quote_69d2769a4b633 .ut-parallax-icon { border-radius: 50%; -moz-border-radius: 50%; -webkit-border-radius: 50%; }#ut_p_quote_69d2769a4b633 blockquote { color: #0075a2; }#ut_p_quote_69d2769a4b633 blockquote { font-size: 32px; }#ut_p_quote_69d2769a4b633 blockquote { line-height: 44px; }<\/style><div id=\"ut_p_quote_69d2769a4b633\" class=\"ut-parallax-quote \"><blockquote data-appear-top-offset=\"-200\" id=\"ut_reveal_69d2769a4b632\" class=\"ut-parallax-quote-title  element-with-custom-line-height \" style=\"font-family:Lato;font-weight:300;font-style:normal\">Al tenir en compte la psique i entendre que <b>cada persona t\u00e9 un terreny diferent<\/b> la PNIE d\u00f3na resposta a la pregunta del per qu\u00e8 <b>amb un mateix microbi, dues persones tenen reaccions diferents.<\/b><\/blockquote><\/div><\/div><\/div><\/div><\/div><style type=\"text\/css\" scoped>#ut-row-69d2769a493bb{background-color: #cfe0ed !important;} <\/style><\/div><div class=\"vc_row-full-width vc_clearfix\"><\/div>\n","protected":false},"excerpt":{"rendered":"#ut_header_69d2769a4c4c6 h2 span { color:#0075a2; }#ut_header_69d2769a4c4c6 h2.section-title{ font-family:Lato;font-weight:400;font-style:normal; }#ut_header_69d2769a4c4c6 h2.section-title { font-size: 35px; }#ut_header_69d2769a4c4c6.pt-style-3 .page-title span, #ut_header_69d2769a4c4c6.pt-style-3 .parallax-title span, #ut_header_69d2769a4c4c6.pt-style-3 .section-title span { background:#cfe0ed !important;-webkit-box-shadow:0 0 0 3px#cfe0ed !important; -moz-box-shadow:0 0 0 3px#cfe0ed !important; box-shadow:0 0 0 3px#cfe0ed !important; }LA PSICO NEURO IMMUNO ENDOCRINOLOGIA (PNIE)Estudia la interacci\u00f3 entre els diferents sistemes del cos. Descobreix la [...]","protected":false},"author":1,"featured_media":0,"parent":0,"menu_order":0,"comment_status":"closed","ping_status":"closed","template":"","meta":{"footnotes":""},"class_list":["post-20","page","type-page","status-publish","hentry"],"_links":{"self":[{"href":"https:\/\/www.makaranda.com\/ca\/wp-json\/wp\/v2\/pages\/20","targetHints":{"allow":["GET"]}}],"collection":[{"href":"https:\/\/www.makaranda.com\/ca\/wp-json\/wp\/v2\/pages"}],"about":[{"href":"https:\/\/www.makaranda.com\/ca\/wp-json\/wp\/v2\/types\/page"}],"author":[{"embeddable":true,"href":"https:\/\/www.makaranda.com\/ca\/wp-json\/wp\/v2\/users\/1"}],"replies":[{"embeddable":true,"href":"https:\/\/www.makaranda.com\/ca\/wp-json\/wp\/v2\/comments?post=20"}],"version-history":[{"count":39,"href":"https:\/\/www.makaranda.com\/ca\/wp-json\/wp\/v2\/pages\/20\/revisions"}],"predecessor-version":[{"id":328,"href":"https:\/\/www.makaranda.com\/ca\/wp-json\/wp\/v2\/pages\/20\/revisions\/328"}],"wp:attachment":[{"href":"https:\/\/www.makaranda.com\/ca\/wp-json\/wp\/v2\/media?parent=20"}],"curies":[{"name":"wp","href":"https:\/\/api.w.org\/{rel}","templated":true}]}}