{"id":20,"date":"2019-01-12T17:36:15","date_gmt":"2019-01-12T17:36:15","guid":{"rendered":"http:\/\/www.makaranda.com\/?page_id=20"},"modified":"2025-04-14T11:45:31","modified_gmt":"2025-04-14T11:45:31","slug":"pnie","status":"publish","type":"page","link":"https:\/\/www.makaranda.com\/es\/pnie\/","title":{"rendered":"Psico-neuro-inmuno-enodcrinolog\u00eda (PNIE)"},"content":{"rendered":"<div id=\"ut-row-69d22150824e2\" data-vc-full-width=\"true\" data-vc-full-width-init=\"false\" class=\"vc_row wpb_row vc_row-fluid vc_column-gap-0 ut-row-69d22150824f1\" ><div class=\"wpb_column vc_column_container vc_col-sm-12\" ><div id=\"ut_inner_column_69d2215082c73\" class=\"vc_column-inner\"><div class=\"wpb_wrapper\"><div class=\"wpb_content_element\"><style type=\"text\/css\" scoped>#ut_header_69d2215082f1c h2 span { color:#0075a2; }#ut_header_69d2215082f1c h2.section-title{ font-family:Lato;font-weight:400;font-style:normal; }#ut_header_69d2215082f1c h2.section-title { font-size: 35px; }#ut_header_69d2215082f1c.pt-style-3 .page-title span, #ut_header_69d2215082f1c.pt-style-3 .parallax-title span, #ut_header_69d2215082f1c.pt-style-3 .section-title span { background:#cfe0ed !important;-webkit-box-shadow:0 0 0 3px#cfe0ed !important; -moz-box-shadow:0 0 0 3px#cfe0ed !important; box-shadow:0 0 0 3px#cfe0ed !important; }<\/style><header id=\"ut_header_69d2215082f1c\" class=\"section-header ut-no-title-linebreak-mobile ut-no-lead-linebreak-mobile pt-style-3 header-center\"><h2 data-effect=\"fadeInDown\" data-animateonce=\"yes\" data-delay=\"0\" class=\"section-title ut-animate-element animated ut-no-animation-tablet ut-no-animation-mobile\"><span>PSICO NEURO INMUNO ENDOCRINOLOG\u00cdA (PNIE)<\/span><\/h2><div data-effect=\"fadeInDown\" data-animateonce=\"yes\" data-delay=\"0\" class=\"lead ut-animate-element animated ut-no-animation-tablet ut-no-animation-mobile\"><p>Estudia la interacci\u00f3n entre los diferentes sistemas del cuerpo.<\/p>\n<\/div><\/header><\/div><\/div><\/div><\/div><\/div><div class=\"vc_row-full-width vc_clearfix\"><\/div><div id=\"ut-row-69d2215083668\" data-vc-full-width=\"true\" data-vc-full-width-init=\"false\" class=\"vc_row wpb_row vc_row-fluid vc_column-gap-0 ut-row-69d2215083674\" ><div class=\"wpb_column vc_column_container vc_col-sm-6\" ><div id=\"ut_inner_column_69d2215083af2\" class=\"vc_column-inner\"><div class=\"wpb_wrapper\">\n\t<div class=\"wpb_text_column wpb_content_element\" >\n\t\t<div class=\"wpb_wrapper\">\n\t\t\t<h2>Descubre la Psico-neuro-inmuno-endocrinolog\u00eda (PNIE) en Barcelona<\/h2>\n<p class=\"translation-block\">En <strong>Centre Makaranda<\/strong>, nos <strong>especializamos en la Psico-neuro-inmuno-endocrinolog\u00eda (PNIE) <\/strong>, un enfoque innovador que estudia la interacci\u00f3n entre los sistemas del cuerpo para promover la salud y el bienestar.<\/p>\n<p>&nbsp;<\/p>\n<h3>Qu\u00e8 \u00e9s la PNIE?<\/h3>\n<p class=\"translation-block\">La Psico-neuro-inmuno-endocrinolog\u00eda (PNIE) es un <strong> campo cient\u00edfico que <\/strong> examina c\u00f3mo los  <strong>sistemas psicol\u00f3gicos, neurol\u00f3gicos, inmunol\u00f3gicos y endocrinos interact\u00faan entre s\u00ed para mantener la salud y la vitalidad.<\/strong><\/p>\n<p class=\"translation-block\">Nuestro <strong>enfoque<\/strong> se basa en la <strong>comprensi\u00f3n de que los s\u00edntomas<\/strong>pueden <strong>proporcionar informaci\u00f3n valiosa <\/strong>sobre <strong>el estado de salud<\/strong> de una persona, y <strong>trabajamos para mejorar<\/strong> la <strong>salud<\/strong> de forma natural, sin intervenciones m\u00e9dicas invasivas<\/p>\n<p>Adem\u00e1s, reconocemos la conexi\u00f3n bidireccional entre la mente y el cuerpo, y c\u00f3mo nuestros pensamientos y emociones pueden influir en nuestra salud f\u00edsica, y viceversa.<\/p>\n<p class=\"translation-block\">Si est\u00e1s buscando mejorar tu calidad de vida de forma natural y hol\u00edstica, <strong> \u00a1Descubre c\u00f3mo la PNIE puede ayudarte en Centre Makaranda en Barcelona! <\/strong><\/p>\n<p>&nbsp;<\/p>\n<ul>\n<li class=\"translation-block\"><strong>ENFOQUE INTEGRATIVO<\/strong>: Explora c\u00f3mo la <strong>psique, el sistema nervioso, las defensas y las hormonas interact\u00faan para influir en la salud y el bienestar<\/strong>.  En este <strong>enfoque<\/strong> no solo <strong>aborda<\/strong> los <strong>s\u00edntomas f\u00edsicos <\/strong>, sino que tambi\u00e9n considera tu <strong> bienestar emocional y mental <\/strong>, <strong>promoviendo un equilibrio integral<\/strong> para alcanzar tu m\u00e1ximo potencial de salud y vitalidad.<\/li>\n<li class=\"translation-block\"><strong>INTERDISCIPLINARIEDAD: Relacionamos estudios de psiquiatr\u00eda, psicolog\u00eda, anatom\u00eda, gen\u00e9tica, oncolog\u00eda, reumatolog\u00eda, inmunolog\u00eda, endocrinolog\u00eda, neurociencias, virolog\u00eda, epigen\u00e9tica, biolog\u00eda molecular y farmacolog\u00eda<\/strong>. Esta integraci\u00f3n de diferentes campos nos permite comprender mejor la complejidad del cuerpo humano y c\u00f3mo factores emocionales, mentales y f\u00edsicos interact\u00faan entre s\u00ed para influir en la salud. En <strong>Makaranda<\/strong> podemos <strong>ofrecer<\/strong>  soluciones m\u00e1s <strong>efectivas<\/strong> y personalizadas para <strong>mejorar la calidad de vida<\/strong>  de nuestros clientes.<\/li>\n<\/ul>\n<p>&nbsp;<\/p>\n<p>En los a\u00f1os 70, Robert Ader desencaden\u00f3 una revoluci\u00f3n cient\u00edfica al descubrir c\u00f3mo el cerebro puede condicionar la respuesta del sistema inmunitario, dando origen a la Psiconeuroinmunolog\u00eda (PNI).<\/p>\n<h3><\/h3>\n\n\t\t<\/div>\n\t<\/div>\n<\/div><\/div><\/div><div class=\"wpb_column vc_column_container vc_col-sm-6\" ><div id=\"ut_inner_column_69d2215083ea3\" class=\"vc_column-inner\"><div class=\"wpb_wrapper\"><div  class=\"wpb_content_element   clearfix\"><style type=\"text\/css\" scoped>#ut_am_69d22150844e9 { opacity: 1; }<\/style><div id=\"ut_am_wrap_69d22150844eb\" class=\"ut-image-gallery-image\" style=\"text-align:center;\"><div class=\"ut-animated-image-item ut-image-gallery-item ut-animation-done\"><a class=\"ut-deactivated-link\" href=\"#\"><img loading=\"lazy\" decoding=\"async\"  id=\"ut_am_69d22150844e9\" style=\"\" src=\"https:\/\/www.makaranda.com\/wp-content\/uploads\/2019\/01\/brain-325x217.png\" width=\"325\" height=\"217\" alt=\"Silueta d\u2019un cervell formada per branques d\u2019un arbre, s\u00edmbol de connexions neuronals i natura.\"\/><\/a><\/div><\/div><\/div>\n\t<div class=\"wpb_text_column wpb_content_element\" >\n\t\t<div class=\"wpb_wrapper\">\n\t\t\t<p>&nbsp;<\/p>\n<h3><strong>\u00bfC\u00f3mo se traduce en la consulta?<\/strong><\/h3>\n<p class=\"translation-block\">En nuestra consulta, aplicamos las <strong>herramientas avanzadas de la Psiconeuroinmunolog\u00eda (PNIE) <\/strong>para comprender y abordar las ra\u00edces de los s\u00edntomas de nuestros pacientes. A trav\u00e9s de <strong>m\u00e9todos<\/strong> como <strong>entrevistas detalladas, observaci\u00f3n cl\u00ednica y an\u00e1lisis exhaustivos<\/strong>, que incluyen sangre, heces, virus, gen\u00e9tica y amino\u00e1cidos, podemos identificar las causas subyacentes de los desequilibrios de salud. \nEste enfoque integral nos permite comprender el funcionamiento \u00fanico de cada individuo y dise\u00f1ar intervenciones personalizadas que promuevan un terreno m\u00e1s saludable y equilibrado.<\/p>\n<p class=\"translation-block\">Este  <strong>enfoque integral<\/strong>  nos <strong>permite comprender el funcionamiento \u00fanico<\/strong> de cada <strong>individuo<\/strong> y <strong>dise\u00f1ar intervenciones personalizadas<\/strong> que promuevan un terreno m\u00e1s saludable y equilibrado<\/p>\n<p>&nbsp;<\/p>\n<p><strong><strong> Las intervenciones hol\u00edsticas son: <\/strong><\/strong><\/p>\n<ul>\n<li>Alimentaci\u00f3n<\/li>\n<li>Nutrici\u00f3n ortomolecular- suplementaci\u00f3n- fitoterapia<\/li>\n<li>H\u00e1bitos de acuerdo a la gen\u00e9tica y con efectos anti-aging<\/li>\n<li>Epigen\u00e9tica<\/li>\n<li>Terapias manuales<\/li>\n<li>Terapia psicol\u00f3gica<\/li>\n<li>Medicina Alop\u00e1tica<\/li>\n<\/ul>\n<p class=\"translation-block\"><strong>Descubre los beneficios de la PNIE<\/strong> y c\u00f3mo podemos ayudarte a alcanzar tus objetivos de salud y bienestar. \u00a1Cont\u00e1ctanos ahora para empezar!<\/p>\n<p><strong>\u00a0\u00a1Estamos aqu\u00ed para escucharte! \u00a1Vis\u00edtanos en Centre Makaranda en Barcelona y descubre c\u00f3mo podemos mejorar tu calidad de vida juntos!\u00a0<\/strong><\/p>\n\n\t\t<\/div>\n\t<\/div>\n<\/div><\/div><\/div><\/div><div class=\"vc_row-full-width vc_clearfix\"><\/div><div id=\"ut-row-69d2215084abb\" data-vc-full-width=\"true\" data-vc-full-width-init=\"false\" class=\"vc_row wpb_row vc_row-fluid vc_row-has-fill vc_column-gap-0 ut-row-69d2215084ac4\" ><div class=\"wpb_column vc_column_container vc_col-sm-12\" ><div id=\"ut_inner_column_69d2215086ed7\" class=\"vc_column-inner\"><div class=\"wpb_wrapper\"><div class=\"wpb_content_element\"><style type=\"text\/css\" scoped>#ut_p_quote_69d221508704a .ut-parallax-icon .fa { color: #cfe0ed; }#ut_p_quote_69d221508704a .ut-parallax-icon { background: #0075a2; }#ut_p_quote_69d221508704a .ut-parallax-icon { border-radius: 50%; -moz-border-radius: 50%; -webkit-border-radius: 50%; }#ut_p_quote_69d221508704a blockquote { color: #0075a2; }#ut_p_quote_69d221508704a blockquote { font-size: 32px; }#ut_p_quote_69d221508704a blockquote { line-height: 44px; }<\/style><div id=\"ut_p_quote_69d221508704a\" class=\"ut-parallax-quote\"><blockquote data-appear-top-offset=\"-200\" id=\"ut_reveal_69d2215087049\" class=\"ut-parallax-quote-title  element-with-custom-line-height\" style=\"font-family:Lato;font-weight:300;font-style:normal\">Al tener en cuenta la psique y comprender que <b>cada persona tiene un terreno diferente<\/b> la PNIE da respuesta a la pregunta del por qu\u00e9 <b>con un mismo microbio, dos personas tienen reacciones diferentes.<\/b><\/blockquote><\/div><\/div><\/div><\/div><\/div><style type=\"text\/css\" scoped>#ut-row-69d2215084abb{background-color: #cfe0ed !important;} <\/style><\/div><div class=\"vc_row-full-width vc_clearfix\"><\/div>","protected":false},"excerpt":{"rendered":"#ut_header_69d2215088113 h2 span { color:#0075a2; }#ut_header_69d2215088113 h2.section-title{ font-family:Lato;font-weight:400;font-style:normal; }#ut_header_69d2215088113 h2.section-title { font-size: 35px; }#ut_header_69d2215088113.pt-style-3 .page-title span, #ut_header_69d2215088113.pt-style-3 .parallax-title span, #ut_header_69d2215088113.pt-style-3 .section-title span { background:#cfe0ed !important;-webkit-box-shadow:0 0 0 3px#cfe0ed !important; -moz-box-shadow:0 0 0 3px#cfe0ed !important; box-shadow:0 0 0 3px#cfe0ed !important; }LA PSICO NEURO IMMUNO ENDOCRINOLOGIA (PNIE)Estudia la interacci\u00f3 entre els diferents sistemes del cos. Descobreix la [...]","protected":false},"author":1,"featured_media":0,"parent":0,"menu_order":0,"comment_status":"closed","ping_status":"closed","template":"","meta":{"footnotes":""},"class_list":["post-20","page","type-page","status-publish","hentry"],"_links":{"self":[{"href":"https:\/\/www.makaranda.com\/es\/wp-json\/wp\/v2\/pages\/20","targetHints":{"allow":["GET"]}}],"collection":[{"href":"https:\/\/www.makaranda.com\/es\/wp-json\/wp\/v2\/pages"}],"about":[{"href":"https:\/\/www.makaranda.com\/es\/wp-json\/wp\/v2\/types\/page"}],"author":[{"embeddable":true,"href":"https:\/\/www.makaranda.com\/es\/wp-json\/wp\/v2\/users\/1"}],"replies":[{"embeddable":true,"href":"https:\/\/www.makaranda.com\/es\/wp-json\/wp\/v2\/comments?post=20"}],"version-history":[{"count":39,"href":"https:\/\/www.makaranda.com\/es\/wp-json\/wp\/v2\/pages\/20\/revisions"}],"predecessor-version":[{"id":328,"href":"https:\/\/www.makaranda.com\/es\/wp-json\/wp\/v2\/pages\/20\/revisions\/328"}],"wp:attachment":[{"href":"https:\/\/www.makaranda.com\/es\/wp-json\/wp\/v2\/media?parent=20"}],"curies":[{"name":"wp","href":"https:\/\/api.w.org\/{rel}","templated":true}]}}